{"id":10351,"date":"2022-07-15T22:32:00","date_gmt":"2022-07-15T22:32:00","guid":{"rendered":"https:\/\/www.perfinco.pt\/?page_id=10351"},"modified":"2022-08-11T21:34:26","modified_gmt":"2022-08-11T21:34:26","slug":"quem-somos","status":"publish","type":"page","link":"https:\/\/www.perfinco.pt\/?page_id=10351&lang=pt","title":{"rendered":"Quem Somos"},"content":{"rendered":"\t\t<div data-elementor-type=\"wp-page\" data-elementor-id=\"10351\" class=\"elementor elementor-10351\">\n\t\t\t\t\t\t\t\t\t<section class=\"elementor-section elementor-top-section elementor-element elementor-element-17f9057 elementor-section-full_width elementor-section-height-min-height qodef-elementor-content-grid elementor-section-height-default elementor-section-items-middle\" data-id=\"17f9057\" data-element_type=\"section\" data-settings=\"{&quot;background_background&quot;:&quot;classic&quot;}\">\n\t\t\t\t\t\t<div class=\"elementor-container elementor-column-gap-default\">\n\t\t\t\t\t<div class=\"elementor-column elementor-col-100 elementor-top-column elementor-element elementor-element-971f2ec\" data-id=\"971f2ec\" data-element_type=\"column\">\n\t\t\t<div class=\"elementor-widget-wrap elementor-element-populated\">\n\t\t\t\t\t\t\t\t<div class=\"elementor-element elementor-element-8bddbc1 elementor-widget__width-initial elementor-widget elementor-widget-halstein_core_section_title\" data-id=\"8bddbc1\" data-element_type=\"widget\" data-widget_type=\"halstein_core_section_title.default\">\n\t\t\t\t<div class=\"elementor-widget-container\">\n\t\t\t<div class=\"qodef-shortcode qodef-m  qodef-section-title qodef-alignment--left  \">\n\t\t<h6 class=\"qodef-m-tagline\" style=\"color: #E3D2BA\">\n\t\tRicardo Pereira, ceo\t<\/h6>\n\t\t<h1 class=\"qodef-m-title\" style=\"color: #FFFFFF\">\n\t\t\t\t\tA Perfinco\t\t\t<\/h1>\n\t\t\t<\/div>\n\t\t<\/div>\n\t\t\t\t<\/div>\n\t\t\t\t<div class=\"elementor-element elementor-element-a575f37 elementor-widget elementor-widget-halstein_core_single_image\" data-id=\"a575f37\" data-element_type=\"widget\" data-widget_type=\"halstein_core_single_image.default\">\n\t\t\t\t<div class=\"elementor-widget-container\">\n\t\t\t<div class=\"qodef-shortcode qodef-m  qodef-single-image qodef-layout--default     \">\n\t<div class=\"qodef-m-image \">\n\t\t\t\t<img loading=\"lazy\" decoding=\"async\" width=\"311\" height=\"75\" src=\"https:\/\/www.perfinco.pt\/wp-content\/uploads\/2021\/10\/h11-rev-img-04.png\" class=\"attachment-full size-full\" alt=\"t\" srcset=\"https:\/\/www.perfinco.pt\/wp-content\/uploads\/2021\/10\/h11-rev-img-04.png 311w, https:\/\/www.perfinco.pt\/wp-content\/uploads\/2021\/10\/h11-rev-img-04-300x72.png 300w\" sizes=\"auto, (max-width: 311px) 100vw, 311px\" \/>\t\t\t<\/div>\n<\/div>\n\t\t<\/div>\n\t\t\t\t<\/div>\n\t\t\t\t\t<\/div>\n\t\t<\/div>\n\t\t\t\t\t\t\t<\/div>\n\t\t<\/section>\n\t\t\t\t<section class=\"elementor-section elementor-top-section elementor-element elementor-element-81048d6 elementor-section-full_width qodef-elementor-content-grid qodef-extended-grid qodef-extended-grid--right elementor-section-height-default elementor-section-height-default\" data-id=\"81048d6\" data-element_type=\"section\">\n\t\t\t\t\t\t<div class=\"elementor-container elementor-column-gap-default\">\n\t\t\t\t\t<div class=\"elementor-column elementor-col-100 elementor-top-column elementor-element elementor-element-0a54070\" data-id=\"0a54070\" data-element_type=\"column\">\n\t\t\t<div class=\"elementor-widget-wrap elementor-element-populated\">\n\t\t\t\t\t\t\t\t<div class=\"elementor-element elementor-element-0863430 elementor-widget elementor-widget-halstein_core_image_gallery\" data-id=\"0863430\" data-element_type=\"widget\" data-widget_type=\"halstein_core_image_gallery.default\">\n\t\t\t\t<div class=\"elementor-widget-container\">\n\t\t\t<div class=\"qodef-shortcode qodef-m  qodef-image-gallery  qodef--has-appear qodef-grid qodef-swiper-container  qodef-gutter--no qodef-col-num--1    qodef-responsive--predefined\" data-options=\"{&quot;slidesPerView&quot;:&quot;1&quot;,&quot;spaceBetween&quot;:0,&quot;loop&quot;:true,&quot;autoplay&quot;:true,&quot;speed&quot;:&quot;&quot;,&quot;speedAnimation&quot;:&quot;&quot;,&quot;slideAnimation&quot;:&quot;fade&quot;}\">\n\t<div class=\"swiper-wrapper\">\n\t\t<div class=\"qodef-e qodef-image-wrapper swiper-slide \">\n\t\t\t<img loading=\"lazy\" decoding=\"async\" width=\"1610\" height=\"830\" src=\"https:\/\/www.perfinco.pt\/wp-content\/uploads\/2021\/10\/h9-img-01.jpg\" class=\"attachment-full size-full\" alt=\"\" \/>\t<\/div>\n<div class=\"qodef-e qodef-image-wrapper swiper-slide \">\n\t\t\t<img loading=\"lazy\" decoding=\"async\" width=\"1610\" height=\"830\" src=\"https:\/\/www.perfinco.pt\/wp-content\/uploads\/2021\/10\/h9-img-02.jpg\" class=\"attachment-full size-full\" alt=\"\" srcset=\"https:\/\/www.perfinco.pt\/wp-content\/uploads\/2021\/10\/h9-img-02.jpg 1610w, https:\/\/www.perfinco.pt\/wp-content\/uploads\/2021\/10\/h9-img-02-300x155.jpg 300w, https:\/\/www.perfinco.pt\/wp-content\/uploads\/2021\/10\/h9-img-02-1024x528.jpg 1024w, https:\/\/www.perfinco.pt\/wp-content\/uploads\/2021\/10\/h9-img-02-768x396.jpg 768w, https:\/\/www.perfinco.pt\/wp-content\/uploads\/2021\/10\/h9-img-02-1536x792.jpg 1536w\" sizes=\"auto, (max-width: 1610px) 100vw, 1610px\" \/>\t<\/div>\n\t<\/div>\n\t\t<\/div>\n\t\t<\/div>\n\t\t\t\t<\/div>\n\t\t\t\t\t<\/div>\n\t\t<\/div>\n\t\t\t\t\t\t\t<\/div>\n\t\t<\/section>\n\t\t\t\t<section class=\"elementor-section elementor-top-section elementor-element elementor-element-4ed55ce elementor-section-boxed elementor-section-height-default elementor-section-height-default qodef-elementor-content-no\" data-id=\"4ed55ce\" data-element_type=\"section\">\n\t\t\t\t\t\t<div class=\"elementor-container elementor-column-gap-default\">\n\t\t\t\t\t<div class=\"elementor-column elementor-col-100 elementor-top-column elementor-element elementor-element-a663de8\" data-id=\"a663de8\" data-element_type=\"column\">\n\t\t\t<div class=\"elementor-widget-wrap elementor-element-populated\">\n\t\t\t\t\t\t\t\t<div class=\"elementor-element elementor-element-5070d11 elementor-widget elementor-widget-halstein_core_section_title\" data-id=\"5070d11\" data-element_type=\"widget\" data-widget_type=\"halstein_core_section_title.default\">\n\t\t\t\t<div class=\"elementor-widget-container\">\n\t\t\t<div class=\"qodef-shortcode qodef-m  qodef-section-title qodef-alignment--left  \">\n\t\t<h6 class=\"qodef-m-tagline\" style=\"margin-bottom: 0px\">\n\t\tOur Goal\t<\/h6>\n\t\t<h2 class=\"qodef-m-title\" >\n\t\t\t\t\tA Perfinco\t\t\t<\/h2>\n\t\t\t<p class=\"qodef-m-text-field\" >\n\t\tSomos uma firma especializada na presta\u00e7\u00e3o de servi\u00e7os de qualidade nas \u00e1reas de assessoria financeira, contabilidade, gest\u00e3o de recursos humanos e consultoria.\nTemos como objectivo de proporcionar aos nossos clientes o melhor conjunto de servi\u00e7os profissionais, ajudando as suas organiza\u00e7\u00f5es a estarem melhor preparadas para os desafios actuais.\nOrgulhamo-nos de continuar a proporcionar um servi\u00e7o de proximidade, que nos permite conhecer melhor as necessidades individuais de cada cliente e deste modo proporcionar um servi\u00e7o adaptado \u00e0s suas necessidades.\n\n\t<\/p>\n\t<\/div>\n\t\t<\/div>\n\t\t\t\t<\/div>\n\t\t\t\t\t<\/div>\n\t\t<\/div>\n\t\t\t\t\t\t\t<\/div>\n\t\t<\/section>\n\t\t\t\t<section class=\"elementor-section elementor-top-section elementor-element elementor-element-de2b5d3 elementor-section-boxed elementor-section-height-default elementor-section-height-default qodef-elementor-content-no\" data-id=\"de2b5d3\" data-element_type=\"section\">\n\t\t\t\t\t\t<div class=\"elementor-container elementor-column-gap-default\">\n\t\t\t\t\t<div class=\"elementor-column elementor-col-100 elementor-top-column elementor-element elementor-element-f29cd35\" data-id=\"f29cd35\" data-element_type=\"column\">\n\t\t\t<div class=\"elementor-widget-wrap elementor-element-populated\">\n\t\t\t\t\t\t\t\t<div class=\"elementor-element elementor-element-4c6e19d elementor-widget elementor-widget-halstein_core_section_title\" data-id=\"4c6e19d\" data-element_type=\"widget\" data-widget_type=\"halstein_core_section_title.default\">\n\t\t\t\t<div class=\"elementor-widget-container\">\n\t\t\t<div class=\"qodef-shortcode qodef-m  qodef-section-title qodef-alignment--left  \">\n\t\t\t<h2 class=\"qodef-m-title\" >\n\t\t\t\t\tO m\u00e9todo Perfinco\t\t\t<\/h2>\n\t\t\t<p class=\"qodef-m-text-field\" >\n\t\tA Perfinco \u00e9 uma empresa direccionada para empresas que desejam rigor e obter todos os benef\u00edcios e uma gest\u00e3o financeira cuidada.\nA nossa abordagem caracteriza-se em cada projecto caracteriza-se por uma metodologia de an\u00e1lise das necessidades e objectivos a atingir, uma flexibilidade de adapta\u00e7\u00e3o ao cliente e uma constante orienta\u00e7\u00e3o para um servi\u00e7o de qualidade e melhoria cont\u00ednua.\nOs nossos profissionais possuem uma experi\u00eancia multidisciplinar adquirida ao longo da sua carreira profissional em diversos projectos em algumas das maiores empresas nacionais e internacionais.\n\n\t<\/p>\n\t<\/div>\n\t\t<\/div>\n\t\t\t\t<\/div>\n\t\t\t\t\t<\/div>\n\t\t<\/div>\n\t\t\t\t\t\t\t<\/div>\n\t\t<\/section>\n\t\t\t\t<section class=\"elementor-section elementor-top-section elementor-element elementor-element-f65e07c elementor-section-boxed elementor-section-height-default elementor-section-height-default qodef-elementor-content-no\" data-id=\"f65e07c\" data-element_type=\"section\">\n\t\t\t\t\t\t<div class=\"elementor-container elementor-column-gap-default\">\n\t\t\t\t\t<div class=\"elementor-column elementor-col-100 elementor-top-column elementor-element elementor-element-0e730b0\" data-id=\"0e730b0\" data-element_type=\"column\">\n\t\t\t<div class=\"elementor-widget-wrap elementor-element-populated\">\n\t\t\t\t\t\t\t\t<div class=\"elementor-element elementor-element-4a1afa8 elementor-widget elementor-widget-halstein_core_section_title\" data-id=\"4a1afa8\" data-element_type=\"widget\" data-widget_type=\"halstein_core_section_title.default\">\n\t\t\t\t<div class=\"elementor-widget-container\">\n\t\t\t<div class=\"qodef-shortcode qodef-m  qodef-section-title qodef-alignment--left  \">\n\t\t\t<h2 class=\"qodef-m-title\" >\n\t\t\t\t\tHistorial\t\t\t<\/h2>\n\t\t\t<p class=\"qodef-m-text-field\" >\n\t\tA Perfinco resulta da uni\u00e3o de uma equipa de profissionais com v\u00e1rios anos de experi\u00eancia no sector.\nO crescimento sustent\u00e1vel da Perfinco tem sido atingido por um s\u00f3lido crescimento org\u00e2nico, aliado a fortes parcerias externas e opera\u00e7\u00f5es de fus\u00e3o, com o objectivo de desenvolver e consolidar o seu posicionamento nos diferentes mercados de actua\u00e7\u00e3o.\nHoje em dia a Perfinco possui uma carteira de clientes, de dimens\u00f5es e sectores de actividade bastante diversificados, o que lhe permite aumentar a multidisciplinaridade das suas compet\u00eancias t\u00e9cnicas.\n\t<\/p>\n\t<\/div>\n\t\t<\/div>\n\t\t\t\t<\/div>\n\t\t\t\t\t<\/div>\n\t\t<\/div>\n\t\t\t\t\t\t\t<\/div>\n\t\t<\/section>\n\t\t\t\t<section class=\"elementor-section elementor-top-section elementor-element elementor-element-635c948 elementor-section-boxed elementor-section-height-default elementor-section-height-default qodef-elementor-content-no\" data-id=\"635c948\" data-element_type=\"section\">\n\t\t\t\t\t\t<div class=\"elementor-container elementor-column-gap-default\">\n\t\t\t\t\t<div class=\"elementor-column elementor-col-100 elementor-top-column elementor-element elementor-element-aeecb6a\" data-id=\"aeecb6a\" data-element_type=\"column\">\n\t\t\t<div class=\"elementor-widget-wrap elementor-element-populated\">\n\t\t\t\t\t\t\t\t<div class=\"elementor-element elementor-element-09c28a6 elementor-widget elementor-widget-halstein_core_section_title\" data-id=\"09c28a6\" data-element_type=\"widget\" data-widget_type=\"halstein_core_section_title.default\">\n\t\t\t\t<div class=\"elementor-widget-container\">\n\t\t\t<div class=\"qodef-shortcode qodef-m  qodef-section-title qodef-alignment--left  \">\n\t\t\t<h2 class=\"qodef-m-title\" >\n\t\t\t\t\tMiss\u00e3o &amp; Valores\t\t\t<\/h2>\n\t\t\t<p class=\"qodef-m-text-field\" >\n\t\tPara tal a empresa rege-se por um conjunto de valores que consideramos pilares basilares do nosso sucesso:\t<\/p>\n\t<\/div>\n\t\t<\/div>\n\t\t\t\t<\/div>\n\t\t\t\t\t<\/div>\n\t\t<\/div>\n\t\t\t\t\t\t\t<\/div>\n\t\t<\/section>\n\t\t\t\t<section class=\"elementor-section elementor-top-section elementor-element elementor-element-e1061c8 elementor-section-boxed elementor-section-height-default elementor-section-height-default qodef-elementor-content-no\" data-id=\"e1061c8\" data-element_type=\"section\">\n\t\t\t\t\t\t<div class=\"elementor-container elementor-column-gap-default\">\n\t\t\t\t\t<div class=\"elementor-column elementor-col-50 elementor-top-column elementor-element elementor-element-aff6d91\" data-id=\"aff6d91\" data-element_type=\"column\">\n\t\t\t<div class=\"elementor-widget-wrap elementor-element-populated\">\n\t\t\t\t\t\t\t\t<div class=\"elementor-element elementor-element-f90bb42 elementor-widget elementor-widget-halstein_core_list_items\" data-id=\"f90bb42\" data-element_type=\"widget\" data-widget_type=\"halstein_core_list_items.default\">\n\t\t\t\t<div class=\"elementor-widget-container\">\n\t\t\t<div class=\"qodef-shortcode qodef-m  qodef-list-items qodef-layout--ticked-list \">\n\t\t\t<ul class=\"qodef-m-list\" >\n\t\t\t\t\t\t\t\t<li class=\"qodef-m-list-item\" >\n\t<span class=\"qodef-m-list-item-marker\" >\n\t<svg class=\"qodef-svg--ticked-list-marker qodef-m-marker\" xmlns=\"http:\/\/www.w3.org\/2000\/svg\" width=\"10.563\" height=\"12.781\" viewBox=\"0 0 10.563 12.781\" xml:space=\"preserve\"><path stroke-miterlimit=\"10\" d=\"m1.482 8.347 3.281 3.28L9.807.688\"\/><\/svg><\/span>\n\t<h5 class=\"qodef-m-list-item-title\" >\n\t\t\t\tConfian\u00e7a\t\t\t<\/h5>\n<\/li>\n\t\t\t\t\t\t\t\t<li class=\"qodef-m-list-item\" >\n\t<span class=\"qodef-m-list-item-marker\" >\n\t<svg class=\"qodef-svg--ticked-list-marker qodef-m-marker\" xmlns=\"http:\/\/www.w3.org\/2000\/svg\" width=\"10.563\" height=\"12.781\" viewBox=\"0 0 10.563 12.781\" xml:space=\"preserve\"><path stroke-miterlimit=\"10\" d=\"m1.482 8.347 3.281 3.28L9.807.688\"\/><\/svg><\/span>\n\t<h5 class=\"qodef-m-list-item-title\" >\n\t\t\t\tRigor\t\t\t<\/h5>\n<\/li>\n\t\t\t\t\t\t\t\t<li class=\"qodef-m-list-item\" >\n\t<span class=\"qodef-m-list-item-marker\" >\n\t<svg class=\"qodef-svg--ticked-list-marker qodef-m-marker\" xmlns=\"http:\/\/www.w3.org\/2000\/svg\" width=\"10.563\" height=\"12.781\" viewBox=\"0 0 10.563 12.781\" xml:space=\"preserve\"><path stroke-miterlimit=\"10\" d=\"m1.482 8.347 3.281 3.28L9.807.688\"\/><\/svg><\/span>\n\t<h5 class=\"qodef-m-list-item-title\" >\n\t\t\t\tIntegridade\t\t\t<\/h5>\n<\/li>\n\t\t\t\t\t\t\t\t<li class=\"qodef-m-list-item\" >\n\t<span class=\"qodef-m-list-item-marker\" >\n\t<svg class=\"qodef-svg--ticked-list-marker qodef-m-marker\" xmlns=\"http:\/\/www.w3.org\/2000\/svg\" width=\"10.563\" height=\"12.781\" viewBox=\"0 0 10.563 12.781\" xml:space=\"preserve\"><path stroke-miterlimit=\"10\" d=\"m1.482 8.347 3.281 3.28L9.807.688\"\/><\/svg><\/span>\n\t<h5 class=\"qodef-m-list-item-title\" >\n\t\t\t\tExcel\u00eancia de servi\u00e7o\t\t\t<\/h5>\n<\/li>\n\t\t\t\t<\/ul>\n\t<\/div>\n\t\t<\/div>\n\t\t\t\t<\/div>\n\t\t\t\t\t<\/div>\n\t\t<\/div>\n\t\t\t\t<div class=\"elementor-column elementor-col-50 elementor-top-column elementor-element elementor-element-65ac525\" data-id=\"65ac525\" data-element_type=\"column\">\n\t\t\t<div class=\"elementor-widget-wrap elementor-element-populated\">\n\t\t\t\t\t\t\t\t<div class=\"elementor-element elementor-element-4126064 elementor-widget elementor-widget-halstein_core_list_items\" data-id=\"4126064\" data-element_type=\"widget\" data-widget_type=\"halstein_core_list_items.default\">\n\t\t\t\t<div class=\"elementor-widget-container\">\n\t\t\t<div class=\"qodef-shortcode qodef-m  qodef-list-items qodef-layout--ticked-list \">\n\t\t\t<ul class=\"qodef-m-list\" >\n\t\t\t\t\t\t\t\t<li class=\"qodef-m-list-item\" >\n\t<span class=\"qodef-m-list-item-marker\" >\n\t<svg class=\"qodef-svg--ticked-list-marker qodef-m-marker\" xmlns=\"http:\/\/www.w3.org\/2000\/svg\" width=\"10.563\" height=\"12.781\" viewBox=\"0 0 10.563 12.781\" xml:space=\"preserve\"><path stroke-miterlimit=\"10\" d=\"m1.482 8.347 3.281 3.28L9.807.688\"\/><\/svg><\/span>\n\t<h5 class=\"qodef-m-list-item-title\" >\n\t\t\t\tConfidencialidade\t\t\t<\/h5>\n<\/li>\n\t\t\t\t\t\t\t\t<li class=\"qodef-m-list-item\" >\n\t<span class=\"qodef-m-list-item-marker\" >\n\t<svg class=\"qodef-svg--ticked-list-marker qodef-m-marker\" xmlns=\"http:\/\/www.w3.org\/2000\/svg\" width=\"10.563\" height=\"12.781\" viewBox=\"0 0 10.563 12.781\" xml:space=\"preserve\"><path stroke-miterlimit=\"10\" d=\"m1.482 8.347 3.281 3.28L9.807.688\"\/><\/svg><\/span>\n\t<h5 class=\"qodef-m-list-item-title\" >\n\t\t\t\tProactividade\t\t\t<\/h5>\n<\/li>\n\t\t\t\t\t\t\t\t<li class=\"qodef-m-list-item\" >\n\t<span class=\"qodef-m-list-item-marker\" >\n\t<svg class=\"qodef-svg--ticked-list-marker qodef-m-marker\" xmlns=\"http:\/\/www.w3.org\/2000\/svg\" width=\"10.563\" height=\"12.781\" viewBox=\"0 0 10.563 12.781\" xml:space=\"preserve\"><path stroke-miterlimit=\"10\" d=\"m1.482 8.347 3.281 3.28L9.807.688\"\/><\/svg><\/span>\n\t<h5 class=\"qodef-m-list-item-title\" >\n\t\t\t\tSatisfa\u00e7\u00e3o plena do cliente\t\t\t<\/h5>\n<\/li>\n\t\t\t\t<\/ul>\n\t<\/div>\n\t\t<\/div>\n\t\t\t\t<\/div>\n\t\t\t\t\t<\/div>\n\t\t<\/div>\n\t\t\t\t\t\t\t<\/div>\n\t\t<\/section>\n\t\t\t\t\t\t\t<\/div>\n\t\t","protected":false},"excerpt":{"rendered":"<p>Ricardo Pereira, ceo A Perfinco Our Goal A Perfinco Somos uma firma especializada na presta\u00e7\u00e3o de servi\u00e7os de qualidade nas \u00e1reas de assessoria financeira, contabilidade, gest\u00e3o de recursos humanos e consultoria. Temos como objectivo de proporcionar aos nossos clientes o melhor conjunto de servi\u00e7os profissionais, ajudando as suas organiza\u00e7\u00f5es a estarem melhor preparadas para os [&hellip;]<\/p>\n","protected":false},"author":1,"featured_media":0,"parent":0,"menu_order":0,"comment_status":"closed","ping_status":"closed","template":"page-full-width.php","meta":{"footnotes":""},"class_list":["post-10351","page","type-page","status-publish","hentry"],"lang":"pt","translations":{"en":11140,"pt":10351},"pll_sync_post":[],"_links":{"self":[{"href":"https:\/\/www.perfinco.pt\/index.php?rest_route=\/wp\/v2\/pages\/10351","targetHints":{"allow":["GET"]}}],"collection":[{"href":"https:\/\/www.perfinco.pt\/index.php?rest_route=\/wp\/v2\/pages"}],"about":[{"href":"https:\/\/www.perfinco.pt\/index.php?rest_route=\/wp\/v2\/types\/page"}],"author":[{"embeddable":true,"href":"https:\/\/www.perfinco.pt\/index.php?rest_route=\/wp\/v2\/users\/1"}],"replies":[{"embeddable":true,"href":"https:\/\/www.perfinco.pt\/index.php?rest_route=%2Fwp%2Fv2%2Fcomments&post=10351"}],"version-history":[{"count":85,"href":"https:\/\/www.perfinco.pt\/index.php?rest_route=\/wp\/v2\/pages\/10351\/revisions"}],"predecessor-version":[{"id":11103,"href":"https:\/\/www.perfinco.pt\/index.php?rest_route=\/wp\/v2\/pages\/10351\/revisions\/11103"}],"wp:attachment":[{"href":"https:\/\/www.perfinco.pt\/index.php?rest_route=%2Fwp%2Fv2%2Fmedia&parent=10351"}],"curies":[{"name":"wp","href":"https:\/\/api.w.org\/{rel}","templated":true}]}}