{"id":10453,"date":"2022-07-30T13:34:06","date_gmt":"2022-07-30T13:34:06","guid":{"rendered":"https:\/\/www.perfinco.pt\/?page_id=10453"},"modified":"2022-08-11T23:12:30","modified_gmt":"2022-08-11T23:12:30","slug":"fiscal-financeira","status":"publish","type":"page","link":"https:\/\/www.perfinco.pt\/?page_id=10453&lang=pt","title":{"rendered":"Fiscal &#038; Financeira"},"content":{"rendered":"\t\t<div data-elementor-type=\"wp-page\" data-elementor-id=\"10453\" class=\"elementor elementor-10453\">\n\t\t\t\t\t\t\t\t\t<section class=\"elementor-section elementor-top-section elementor-element elementor-element-d7ddf15 elementor-section-full_width elementor-section-height-min-height qodef-elementor-content-grid elementor-section-height-default elementor-section-items-middle\" data-id=\"d7ddf15\" data-element_type=\"section\" data-settings=\"{&quot;background_background&quot;:&quot;classic&quot;}\">\n\t\t\t\t\t\t<div class=\"elementor-container elementor-column-gap-default\">\n\t\t\t\t\t<div class=\"elementor-column elementor-col-100 elementor-top-column elementor-element elementor-element-1f36a91\" data-id=\"1f36a91\" data-element_type=\"column\">\n\t\t\t<div class=\"elementor-widget-wrap elementor-element-populated\">\n\t\t\t\t\t\t\t\t<div class=\"elementor-element elementor-element-b63ec0f elementor-widget__width-initial elementor-widget elementor-widget-halstein_core_section_title\" data-id=\"b63ec0f\" data-element_type=\"widget\" data-widget_type=\"halstein_core_section_title.default\">\n\t\t\t\t<div class=\"elementor-widget-container\">\n\t\t\t<div class=\"qodef-shortcode qodef-m  qodef-section-title qodef-alignment--left  \">\n\t\t\t<h1 class=\"qodef-m-title\" style=\"color: #FFFFFF\">\n\t\t\t\t\tFiscal &amp; Financeira\t\t\t<\/h1>\n\t\t\t<\/div>\n\t\t<\/div>\n\t\t\t\t<\/div>\n\t\t\t\t<div class=\"elementor-element elementor-element-0da13d4 elementor-widget elementor-widget-halstein_core_single_image\" data-id=\"0da13d4\" data-element_type=\"widget\" data-widget_type=\"halstein_core_single_image.default\">\n\t\t\t\t<div class=\"elementor-widget-container\">\n\t\t\t<div class=\"qodef-shortcode qodef-m  qodef-single-image qodef-layout--default     \">\n\t<div class=\"qodef-m-image \">\n\t\t\t\t<img loading=\"lazy\" decoding=\"async\" width=\"311\" height=\"75\" src=\"https:\/\/www.perfinco.pt\/wp-content\/uploads\/2021\/10\/h11-rev-img-04.png\" class=\"attachment-full size-full\" alt=\"t\" srcset=\"https:\/\/www.perfinco.pt\/wp-content\/uploads\/2021\/10\/h11-rev-img-04.png 311w, https:\/\/www.perfinco.pt\/wp-content\/uploads\/2021\/10\/h11-rev-img-04-300x72.png 300w\" sizes=\"auto, (max-width: 311px) 100vw, 311px\" \/>\t\t\t<\/div>\n<\/div>\n\t\t<\/div>\n\t\t\t\t<\/div>\n\t\t\t\t\t<\/div>\n\t\t<\/div>\n\t\t\t\t\t\t\t<\/div>\n\t\t<\/section>\n\t\t\t\t<section class=\"elementor-section elementor-top-section elementor-element elementor-element-c978b41 elementor-section-boxed elementor-section-height-default elementor-section-height-default qodef-elementor-content-no\" data-id=\"c978b41\" data-element_type=\"section\">\n\t\t\t\t\t\t<div class=\"elementor-container elementor-column-gap-default\">\n\t\t\t\t\t<div class=\"elementor-column elementor-col-100 elementor-top-column elementor-element elementor-element-04459c8\" data-id=\"04459c8\" data-element_type=\"column\">\n\t\t\t<div class=\"elementor-widget-wrap elementor-element-populated\">\n\t\t\t\t\t\t\t\t<div class=\"elementor-element elementor-element-168c814 elementor-widget elementor-widget-halstein_core_section_title\" data-id=\"168c814\" data-element_type=\"widget\" data-widget_type=\"halstein_core_section_title.default\">\n\t\t\t\t<div class=\"elementor-widget-container\">\n\t\t\t<div class=\"qodef-shortcode qodef-m  qodef-section-title qodef-alignment--left  \">\n\t\t<h6 class=\"qodef-m-tagline\" >\n\t\tServi\u00e7os\t<\/h6>\n\t\t<h2 class=\"qodef-m-title\" >\n\t\t\t\t\tContabilidade\t\t\t<\/h2>\n\t\t\t<p class=\"qodef-m-text-field\" >\n\t\tOs nossos servi\u00e7os de contabilidade asseguram o cumprimento das obrigatoriedades fiscais e a produ\u00e7\u00e3o de uma imagem contabil\u00edstica fiel da empresa de forma a que os empres\u00e1rios possam utilizar o seu tempo para construir os seus neg\u00f3cios e n\u00e3o para administrar a sua contabilidade.\nA Perfinco ajuda-o a transformar o processo de gest\u00e3o financeira de forma eficiente, trabalhando consigo em permanente contacto de forma a perceber melhor o seu neg\u00f3cio, as suas necessidades e ir de encontro aos seus objectivos.\nPretendemos assumir como compromisso fundamental a satisfa\u00e7\u00e3o dos nossos clientes atrav\u00e9s de um servi\u00e7o adaptado \u00e0s necessidades de cada um, de forma a assegurar uma gest\u00e3o mais eficaz e cria\u00e7\u00e3o de rela\u00e7\u00f5es de confian\u00e7a.\n\t<\/p>\n\t<\/div>\n\t\t<\/div>\n\t\t\t\t<\/div>\n\t\t\t\t\t<\/div>\n\t\t<\/div>\n\t\t\t\t\t\t\t<\/div>\n\t\t<\/section>\n\t\t\t\t<section class=\"elementor-section elementor-top-section elementor-element elementor-element-8f7320c elementor-section-boxed elementor-section-height-default elementor-section-height-default qodef-elementor-content-no\" data-id=\"8f7320c\" data-element_type=\"section\">\n\t\t\t\t\t\t<div class=\"elementor-container elementor-column-gap-default\">\n\t\t\t\t\t<div class=\"elementor-column elementor-col-100 elementor-top-column elementor-element elementor-element-c409d2d\" data-id=\"c409d2d\" data-element_type=\"column\">\n\t\t\t<div class=\"elementor-widget-wrap elementor-element-populated\">\n\t\t\t\t\t\t\t\t<div class=\"elementor-element elementor-element-9d34442 elementor-widget elementor-widget-halstein_core_section_title\" data-id=\"9d34442\" data-element_type=\"widget\" data-widget_type=\"halstein_core_section_title.default\">\n\t\t\t\t<div class=\"elementor-widget-container\">\n\t\t\t<div class=\"qodef-shortcode qodef-m  qodef-section-title qodef-alignment--left  \">\n\t\t\t<h2 class=\"qodef-m-title\" >\n\t\t\t\t\tProcessamento de Ordenados\t\t\t<\/h2>\n\t\t\t<p class=\"qodef-m-text-field\" >\n\t\tOs recursos humanos s\u00e3o um elemento fundamental ao sucesso de qualquer empresa.\nO processamento dos ordenados \u00e9, por natureza, uma tarefa complexa e morosa. Para isso, contamos com colaboradores qualificados e motivados para a sua execu\u00e7\u00e3o, assegurando um total cumprimento das leis laborais.\nDe entre os servi\u00e7os que prestamos neste dom\u00ednio, destacamos o Processamento mensal dos vencimentos, emiss\u00e3o dos respectivos recibos, cumprimentos das obriga\u00e7\u00f5es legais perante a seguran\u00e7a social e administra\u00e7\u00e3o fiscal, preenchimento e envio do relat\u00f3rio \u00fanico, emiss\u00e3o das declara\u00e7\u00f5es de rendimentos anuais, entre outras.\n\t<\/p>\n\t<\/div>\n\t\t<\/div>\n\t\t\t\t<\/div>\n\t\t\t\t\t<\/div>\n\t\t<\/div>\n\t\t\t\t\t\t\t<\/div>\n\t\t<\/section>\n\t\t\t\t<section class=\"elementor-section elementor-top-section elementor-element elementor-element-d289580 elementor-section-boxed elementor-section-height-default elementor-section-height-default qodef-elementor-content-no\" data-id=\"d289580\" data-element_type=\"section\">\n\t\t\t\t\t\t<div class=\"elementor-container elementor-column-gap-default\">\n\t\t\t\t\t<div class=\"elementor-column elementor-col-100 elementor-top-column elementor-element elementor-element-f31b077\" data-id=\"f31b077\" data-element_type=\"column\">\n\t\t\t<div class=\"elementor-widget-wrap elementor-element-populated\">\n\t\t\t\t\t\t\t\t<div class=\"elementor-element elementor-element-6a6c60c elementor-widget elementor-widget-halstein_core_section_title\" data-id=\"6a6c60c\" data-element_type=\"widget\" data-widget_type=\"halstein_core_section_title.default\">\n\t\t\t\t<div class=\"elementor-widget-container\">\n\t\t\t<div class=\"qodef-shortcode qodef-m  qodef-section-title qodef-alignment--left  \">\n\t\t\t<h2 class=\"qodef-m-title\" >\n\t\t\t\t\tFiscal\t\t\t<\/h2>\n\t\t\t<p class=\"qodef-m-text-field\" >\n\t\tA lei fiscal \u00e9 hoje em cada vez mais complexa e o seu cumprimento a tempo e a todo o tempo, fundamental para evitar penaliza\u00e7\u00f5es.\nA Perfinco trabalha consigo para garantir que tudo est\u00e1 bem. Que todas as declara\u00e7\u00f5es fiscais obrigat\u00f3rias s\u00e3o cumpridas e entregues a tempo. Prestamos servi\u00e7os de Tax Compliance tanto para organiza\u00e7\u00f5es como para sujeitos passivos individuais (IRS, IVA e Seguran\u00e7a Social).\nMesmo que o sua actividade n\u00e3o seja comercial poder\u00e1 ter de preencher algum tipo de declara\u00e7\u00e3o legal, como por exemplo se for uma entidade do sector n\u00e3o lucrativo, pelo que, trabalhamos tamb\u00e9m com IPSS\u2019s e ONG no apoio ao cumprimento das suas obriga\u00e7\u00f5es fiscais.\n\n\t<\/p>\n\t<\/div>\n\t\t<\/div>\n\t\t\t\t<\/div>\n\t\t\t\t\t<\/div>\n\t\t<\/div>\n\t\t\t\t\t\t\t<\/div>\n\t\t<\/section>\n\t\t\t\t\t\t\t<\/div>\n\t\t","protected":false},"excerpt":{"rendered":"<p>Fiscal &amp; Financeira Servi\u00e7os Contabilidade Os nossos servi\u00e7os de contabilidade asseguram o cumprimento das obrigatoriedades fiscais e a produ\u00e7\u00e3o de uma imagem contabil\u00edstica fiel da empresa de forma a que os empres\u00e1rios possam utilizar o seu tempo para construir os seus neg\u00f3cios e n\u00e3o para administrar a sua contabilidade. A Perfinco ajuda-o a transformar o [&hellip;]<\/p>\n","protected":false},"author":1,"featured_media":0,"parent":0,"menu_order":0,"comment_status":"closed","ping_status":"closed","template":"page-full-width.php","meta":{"footnotes":""},"class_list":["post-10453","page","type-page","status-publish","hentry"],"lang":"pt","translations":{"en":11118,"pt":10453},"pll_sync_post":[],"_links":{"self":[{"href":"https:\/\/www.perfinco.pt\/index.php?rest_route=\/wp\/v2\/pages\/10453","targetHints":{"allow":["GET"]}}],"collection":[{"href":"https:\/\/www.perfinco.pt\/index.php?rest_route=\/wp\/v2\/pages"}],"about":[{"href":"https:\/\/www.perfinco.pt\/index.php?rest_route=\/wp\/v2\/types\/page"}],"author":[{"embeddable":true,"href":"https:\/\/www.perfinco.pt\/index.php?rest_route=\/wp\/v2\/users\/1"}],"replies":[{"embeddable":true,"href":"https:\/\/www.perfinco.pt\/index.php?rest_route=%2Fwp%2Fv2%2Fcomments&post=10453"}],"version-history":[{"count":39,"href":"https:\/\/www.perfinco.pt\/index.php?rest_route=\/wp\/v2\/pages\/10453\/revisions"}],"predecessor-version":[{"id":11133,"href":"https:\/\/www.perfinco.pt\/index.php?rest_route=\/wp\/v2\/pages\/10453\/revisions\/11133"}],"wp:attachment":[{"href":"https:\/\/www.perfinco.pt\/index.php?rest_route=%2Fwp%2Fv2%2Fmedia&parent=10453"}],"curies":[{"name":"wp","href":"https:\/\/api.w.org\/{rel}","templated":true}]}}