{"id":10672,"date":"2022-08-02T11:18:04","date_gmt":"2022-08-02T11:18:04","guid":{"rendered":"https:\/\/www.perfinco.pt\/?page_id=10672"},"modified":"2022-08-11T22:23:28","modified_gmt":"2022-08-11T22:23:28","slug":"outsourcing","status":"publish","type":"page","link":"https:\/\/www.perfinco.pt\/?page_id=10672&lang=pt","title":{"rendered":"Outsourcing"},"content":{"rendered":"\t\t<div data-elementor-type=\"wp-page\" data-elementor-id=\"10672\" class=\"elementor elementor-10672\">\n\t\t\t\t\t\t\t\t\t<section class=\"elementor-section elementor-top-section elementor-element elementor-element-d7ddf15 elementor-section-full_width elementor-section-height-min-height qodef-elementor-content-grid elementor-section-height-default elementor-section-items-middle\" data-id=\"d7ddf15\" data-element_type=\"section\" data-settings=\"{&quot;background_background&quot;:&quot;classic&quot;}\">\n\t\t\t\t\t\t<div class=\"elementor-container elementor-column-gap-default\">\n\t\t\t\t\t<div class=\"elementor-column elementor-col-100 elementor-top-column elementor-element elementor-element-1f36a91\" data-id=\"1f36a91\" data-element_type=\"column\">\n\t\t\t<div class=\"elementor-widget-wrap elementor-element-populated\">\n\t\t\t\t\t\t\t\t<div class=\"elementor-element elementor-element-b63ec0f elementor-widget__width-initial elementor-widget elementor-widget-halstein_core_section_title\" data-id=\"b63ec0f\" data-element_type=\"widget\" data-widget_type=\"halstein_core_section_title.default\">\n\t\t\t\t<div class=\"elementor-widget-container\">\n\t\t\t<div class=\"qodef-shortcode qodef-m  qodef-section-title qodef-alignment--left  \">\n\t\t\t<h1 class=\"qodef-m-title\" style=\"color: #FFFFFF\">\n\t\t\t\t\tOutsourcing\t\t\t<\/h1>\n\t\t\t<\/div>\n\t\t<\/div>\n\t\t\t\t<\/div>\n\t\t\t\t<div class=\"elementor-element elementor-element-0da13d4 elementor-widget elementor-widget-halstein_core_single_image\" data-id=\"0da13d4\" data-element_type=\"widget\" data-widget_type=\"halstein_core_single_image.default\">\n\t\t\t\t<div class=\"elementor-widget-container\">\n\t\t\t<div class=\"qodef-shortcode qodef-m  qodef-single-image qodef-layout--default     \">\n\t<div class=\"qodef-m-image \">\n\t\t\t\t<img loading=\"lazy\" decoding=\"async\" width=\"311\" height=\"75\" src=\"https:\/\/www.perfinco.pt\/wp-content\/uploads\/2021\/10\/h11-rev-img-04.png\" class=\"attachment-full size-full\" alt=\"t\" srcset=\"https:\/\/www.perfinco.pt\/wp-content\/uploads\/2021\/10\/h11-rev-img-04.png 311w, https:\/\/www.perfinco.pt\/wp-content\/uploads\/2021\/10\/h11-rev-img-04-300x72.png 300w\" sizes=\"auto, (max-width: 311px) 100vw, 311px\" \/>\t\t\t<\/div>\n<\/div>\n\t\t<\/div>\n\t\t\t\t<\/div>\n\t\t\t\t\t<\/div>\n\t\t<\/div>\n\t\t\t\t\t\t\t<\/div>\n\t\t<\/section>\n\t\t\t\t<section class=\"elementor-section elementor-top-section elementor-element elementor-element-c978b41 elementor-section-boxed elementor-section-height-default elementor-section-height-default qodef-elementor-content-no\" data-id=\"c978b41\" data-element_type=\"section\">\n\t\t\t\t\t\t<div class=\"elementor-container elementor-column-gap-default\">\n\t\t\t\t\t<div class=\"elementor-column elementor-col-100 elementor-top-column elementor-element elementor-element-04459c8\" data-id=\"04459c8\" data-element_type=\"column\">\n\t\t\t<div class=\"elementor-widget-wrap elementor-element-populated\">\n\t\t\t\t\t\t\t\t<div class=\"elementor-element elementor-element-168c814 elementor-widget elementor-widget-halstein_core_section_title\" data-id=\"168c814\" data-element_type=\"widget\" data-widget_type=\"halstein_core_section_title.default\">\n\t\t\t\t<div class=\"elementor-widget-container\">\n\t\t\t<div class=\"qodef-shortcode qodef-m  qodef-section-title qodef-alignment--left  \">\n\t\t<h6 class=\"qodef-m-tagline\" >\n\t\tServi\u00e7os\t<\/h6>\n\t\t<h2 class=\"qodef-m-title\" >\n\t\t\t\t\tBusiness Process Outsourcing (BPO)\t\t\t<\/h2>\n\t\t\t<\/div>\n\t\t<\/div>\n\t\t\t\t<\/div>\n\t\t\t\t<div class=\"elementor-element elementor-element-666fb11 elementor-widget elementor-widget-text-editor\" data-id=\"666fb11\" data-element_type=\"widget\" data-widget_type=\"text-editor.default\">\n\t\t\t\t<div class=\"elementor-widget-container\">\n\t\t\t<style>\/*! elementor - v3.6.7 - 03-07-2022 *\/\n.elementor-widget-text-editor.elementor-drop-cap-view-stacked .elementor-drop-cap{background-color:#818a91;color:#fff}.elementor-widget-text-editor.elementor-drop-cap-view-framed .elementor-drop-cap{color:#818a91;border:3px solid;background-color:transparent}.elementor-widget-text-editor:not(.elementor-drop-cap-view-default) .elementor-drop-cap{margin-top:8px}.elementor-widget-text-editor:not(.elementor-drop-cap-view-default) .elementor-drop-cap-letter{width:1em;height:1em}.elementor-widget-text-editor .elementor-drop-cap{float:left;text-align:center;line-height:1;font-size:50px}.elementor-widget-text-editor .elementor-drop-cap-letter{display:inline-block}<\/style>\t\t\t\t<p>O Business Process Outsourcing (BPO) \u00e9 actualmente uma das solu\u00e7\u00f5es mais eficientes ao alcance dos gestores que realmente t\u00eam o poder de transformar as suas empresas. Atrav\u00e9s da externaliza\u00e7\u00e3o de processos essenciais mas n\u00e3o vitais a outsourcers especializados, \u00e9 poss\u00edvel libertar mais recursos para as tarefas vitais para a empresa, aumentar a produtividade e reduzir custos.<\/p><p>Na escolha de um parceiro de BPO dever\u00e1 prevalecer, a sua flexibilidade e adapta\u00e7\u00e3o aos objectivos do cliente, a sua experi\u00eancia, e a capacidade de transformar e melhorar os processos da empresa de forma a melhor cumprir com a estrat\u00e9gia definida.<\/p><p>A Perfinco conta com profissionais com experi\u00eancias multidisciplinares adquiridas ao longo da sua carreira profissional em diversos projectos em algumas das maiores empresas nacionais e multi-nacionais. Trabalhamos diariamente com um objectivo em mente: Exceder as expectativas dos nossos clientes e oferecer-lhes solu\u00e7\u00f5es inovadoras e que tornem as suas empresas mais modernas, eficientes e produtivas.<\/p><p>Na Perfinco encontrar\u00e1 um vasto leque de solu\u00e7\u00f5es em outsourcing de F&amp;A (Finance &amp; Accounting) e HRM (Human Resources Management) que poder\u00e3o ser desempenhadas nas nossas instala\u00e7\u00f5es ou nas suas.<\/p><p>Possu\u00edmos experiencia em diversos ERP nomeadamente:<\/p><p>\u00a0<\/p>\t\t\t\t\t\t<\/div>\n\t\t\t\t<\/div>\n\t\t\t\t\t<\/div>\n\t\t<\/div>\n\t\t\t\t\t\t\t<\/div>\n\t\t<\/section>\n\t\t\t\t<section class=\"elementor-section elementor-top-section elementor-element elementor-element-74684e0 elementor-section-boxed elementor-section-height-default elementor-section-height-default qodef-elementor-content-no\" data-id=\"74684e0\" data-element_type=\"section\">\n\t\t\t\t\t\t<div class=\"elementor-container elementor-column-gap-default\">\n\t\t\t\t\t<div class=\"elementor-column elementor-col-100 elementor-top-column elementor-element elementor-element-1392c7f\" data-id=\"1392c7f\" data-element_type=\"column\">\n\t\t\t<div class=\"elementor-widget-wrap elementor-element-populated\">\n\t\t\t\t\t\t\t\t<div class=\"elementor-element elementor-element-ebf5b51 elementor-widget elementor-widget-halstein_core_list_items\" data-id=\"ebf5b51\" data-element_type=\"widget\" data-widget_type=\"halstein_core_list_items.default\">\n\t\t\t\t<div class=\"elementor-widget-container\">\n\t\t\t<div class=\"qodef-shortcode qodef-m  qodef-list-items qodef-layout--ticked-list \">\n\t\t\t<ul class=\"qodef-m-list\" >\n\t\t\t\t\t\t\t\t<li class=\"qodef-m-list-item\" >\n\t<span class=\"qodef-m-list-item-marker\" >\n\t<svg class=\"qodef-svg--ticked-list-marker qodef-m-marker\" xmlns=\"http:\/\/www.w3.org\/2000\/svg\" width=\"10.563\" height=\"12.781\" viewBox=\"0 0 10.563 12.781\" xml:space=\"preserve\"><path stroke-miterlimit=\"10\" d=\"m1.482 8.347 3.281 3.28L9.807.688\"\/><\/svg><\/span>\n\t<h5 class=\"qodef-m-list-item-title\" >\n\t\t\t\tAS400\t\t\t<\/h5>\n<\/li>\n\t\t\t\t\t\t\t\t<li class=\"qodef-m-list-item\" >\n\t<span class=\"qodef-m-list-item-marker\" >\n\t<svg class=\"qodef-svg--ticked-list-marker qodef-m-marker\" xmlns=\"http:\/\/www.w3.org\/2000\/svg\" width=\"10.563\" height=\"12.781\" viewBox=\"0 0 10.563 12.781\" xml:space=\"preserve\"><path stroke-miterlimit=\"10\" d=\"m1.482 8.347 3.281 3.28L9.807.688\"\/><\/svg><\/span>\n\t<h5 class=\"qodef-m-list-item-title\" >\n\t\t\t\tSAP\t\t\t<\/h5>\n<\/li>\n\t\t\t\t\t\t\t\t<li class=\"qodef-m-list-item\" >\n\t<span class=\"qodef-m-list-item-marker\" >\n\t<svg class=\"qodef-svg--ticked-list-marker qodef-m-marker\" xmlns=\"http:\/\/www.w3.org\/2000\/svg\" width=\"10.563\" height=\"12.781\" viewBox=\"0 0 10.563 12.781\" xml:space=\"preserve\"><path stroke-miterlimit=\"10\" d=\"m1.482 8.347 3.281 3.28L9.807.688\"\/><\/svg><\/span>\n\t<h5 class=\"qodef-m-list-item-title\" >\n\t\t\t\tSAGE X3\t\t\t<\/h5>\n<\/li>\n\t\t\t\t\t\t\t\t<li class=\"qodef-m-list-item\" >\n\t<span class=\"qodef-m-list-item-marker\" >\n\t<svg class=\"qodef-svg--ticked-list-marker qodef-m-marker\" xmlns=\"http:\/\/www.w3.org\/2000\/svg\" width=\"10.563\" height=\"12.781\" viewBox=\"0 0 10.563 12.781\" xml:space=\"preserve\"><path stroke-miterlimit=\"10\" d=\"m1.482 8.347 3.281 3.28L9.807.688\"\/><\/svg><\/span>\n\t<h5 class=\"qodef-m-list-item-title\" >\n\t\t\t\tPrimavera Software\t\t\t<\/h5>\n<\/li>\n\t\t\t\t\t\t\t\t<li class=\"qodef-m-list-item\" >\n\t<span class=\"qodef-m-list-item-marker\" >\n\t<svg class=\"qodef-svg--ticked-list-marker qodef-m-marker\" xmlns=\"http:\/\/www.w3.org\/2000\/svg\" width=\"10.563\" height=\"12.781\" viewBox=\"0 0 10.563 12.781\" xml:space=\"preserve\"><path stroke-miterlimit=\"10\" d=\"m1.482 8.347 3.281 3.28L9.807.688\"\/><\/svg><\/span>\n\t<h5 class=\"qodef-m-list-item-title\" >\n\t\t\t\tPHC\t\t\t<\/h5>\n<\/li>\n\t\t\t\t<\/ul>\n\t<\/div>\n\t\t<\/div>\n\t\t\t\t<\/div>\n\t\t\t\t\t<\/div>\n\t\t<\/div>\n\t\t\t\t\t\t\t<\/div>\n\t\t<\/section>\n\t\t\t\t\t\t\t<\/div>\n\t\t","protected":false},"excerpt":{"rendered":"<p>Outsourcing Servi\u00e7os Business Process Outsourcing (BPO) O Business Process Outsourcing (BPO) \u00e9 actualmente uma das solu\u00e7\u00f5es mais eficientes ao alcance dos gestores que realmente t\u00eam o poder de transformar as suas empresas. Atrav\u00e9s da externaliza\u00e7\u00e3o de processos essenciais mas n\u00e3o vitais a outsourcers especializados, \u00e9 poss\u00edvel libertar mais recursos para as tarefas vitais para a [&hellip;]<\/p>\n","protected":false},"author":1,"featured_media":0,"parent":0,"menu_order":0,"comment_status":"closed","ping_status":"closed","template":"page-full-width.php","meta":{"footnotes":""},"class_list":["post-10672","page","type-page","status-publish","hentry"],"lang":"pt","translations":{"en":11122,"pt":10672},"pll_sync_post":[],"_links":{"self":[{"href":"https:\/\/www.perfinco.pt\/index.php?rest_route=\/wp\/v2\/pages\/10672","targetHints":{"allow":["GET"]}}],"collection":[{"href":"https:\/\/www.perfinco.pt\/index.php?rest_route=\/wp\/v2\/pages"}],"about":[{"href":"https:\/\/www.perfinco.pt\/index.php?rest_route=\/wp\/v2\/types\/page"}],"author":[{"embeddable":true,"href":"https:\/\/www.perfinco.pt\/index.php?rest_route=\/wp\/v2\/users\/1"}],"replies":[{"embeddable":true,"href":"https:\/\/www.perfinco.pt\/index.php?rest_route=%2Fwp%2Fv2%2Fcomments&post=10672"}],"version-history":[{"count":29,"href":"https:\/\/www.perfinco.pt\/index.php?rest_route=\/wp\/v2\/pages\/10672\/revisions"}],"predecessor-version":[{"id":11104,"href":"https:\/\/www.perfinco.pt\/index.php?rest_route=\/wp\/v2\/pages\/10672\/revisions\/11104"}],"wp:attachment":[{"href":"https:\/\/www.perfinco.pt\/index.php?rest_route=%2Fwp%2Fv2%2Fmedia&parent=10672"}],"curies":[{"name":"wp","href":"https:\/\/api.w.org\/{rel}","templated":true}]}}