{"id":10691,"date":"2022-08-02T11:41:11","date_gmt":"2022-08-02T11:41:11","guid":{"rendered":"https:\/\/www.perfinco.pt\/?page_id=10691"},"modified":"2022-08-11T22:24:34","modified_gmt":"2022-08-11T22:24:34","slug":"carreira","status":"publish","type":"page","link":"https:\/\/www.perfinco.pt\/?page_id=10691&lang=pt","title":{"rendered":"Carreira"},"content":{"rendered":"\t\t<div data-elementor-type=\"wp-page\" data-elementor-id=\"10691\" class=\"elementor elementor-10691\">\n\t\t\t\t\t\t\t\t\t<section class=\"elementor-section elementor-top-section elementor-element elementor-element-d7ddf15 elementor-section-full_width elementor-section-height-min-height qodef-elementor-content-grid elementor-section-height-default elementor-section-items-middle\" data-id=\"d7ddf15\" data-element_type=\"section\" data-settings=\"{&quot;background_background&quot;:&quot;classic&quot;}\">\n\t\t\t\t\t\t<div class=\"elementor-container elementor-column-gap-default\">\n\t\t\t\t\t<div class=\"elementor-column elementor-col-100 elementor-top-column elementor-element elementor-element-1f36a91\" data-id=\"1f36a91\" data-element_type=\"column\">\n\t\t\t<div class=\"elementor-widget-wrap elementor-element-populated\">\n\t\t\t\t\t\t\t\t<div class=\"elementor-element elementor-element-b63ec0f elementor-widget__width-initial elementor-widget elementor-widget-halstein_core_section_title\" data-id=\"b63ec0f\" data-element_type=\"widget\" data-widget_type=\"halstein_core_section_title.default\">\n\t\t\t\t<div class=\"elementor-widget-container\">\n\t\t\t<div class=\"qodef-shortcode qodef-m  qodef-section-title qodef-alignment--left  \">\n\t\t\t<h1 class=\"qodef-m-title\" style=\"color: #FFFFFF\">\n\t\t\t\t\tCarreira\t\t\t<\/h1>\n\t\t\t<\/div>\n\t\t<\/div>\n\t\t\t\t<\/div>\n\t\t\t\t<div class=\"elementor-element elementor-element-0da13d4 elementor-widget elementor-widget-halstein_core_single_image\" data-id=\"0da13d4\" data-element_type=\"widget\" data-widget_type=\"halstein_core_single_image.default\">\n\t\t\t\t<div class=\"elementor-widget-container\">\n\t\t\t<div class=\"qodef-shortcode qodef-m  qodef-single-image qodef-layout--default     \">\n\t<div class=\"qodef-m-image \">\n\t\t\t\t<img loading=\"lazy\" decoding=\"async\" width=\"311\" height=\"75\" src=\"https:\/\/www.perfinco.pt\/wp-content\/uploads\/2021\/10\/h11-rev-img-04.png\" class=\"attachment-full size-full\" alt=\"t\" srcset=\"https:\/\/www.perfinco.pt\/wp-content\/uploads\/2021\/10\/h11-rev-img-04.png 311w, https:\/\/www.perfinco.pt\/wp-content\/uploads\/2021\/10\/h11-rev-img-04-300x72.png 300w\" sizes=\"auto, (max-width: 311px) 100vw, 311px\" \/>\t\t\t<\/div>\n<\/div>\n\t\t<\/div>\n\t\t\t\t<\/div>\n\t\t\t\t\t<\/div>\n\t\t<\/div>\n\t\t\t\t\t\t\t<\/div>\n\t\t<\/section>\n\t\t\t\t<section class=\"elementor-section elementor-top-section elementor-element elementor-element-c978b41 elementor-section-boxed elementor-section-height-default elementor-section-height-default qodef-elementor-content-no\" data-id=\"c978b41\" data-element_type=\"section\">\n\t\t\t\t\t\t<div class=\"elementor-container elementor-column-gap-default\">\n\t\t\t\t\t<div class=\"elementor-column elementor-col-100 elementor-top-column elementor-element elementor-element-04459c8\" data-id=\"04459c8\" data-element_type=\"column\">\n\t\t\t<div class=\"elementor-widget-wrap elementor-element-populated\">\n\t\t\t\t\t\t\t\t<div class=\"elementor-element elementor-element-168c814 elementor-widget elementor-widget-halstein_core_section_title\" data-id=\"168c814\" data-element_type=\"widget\" data-widget_type=\"halstein_core_section_title.default\">\n\t\t\t\t<div class=\"elementor-widget-container\">\n\t\t\t<div class=\"qodef-shortcode qodef-m  qodef-section-title qodef-alignment--left  \">\n\t\t<h6 class=\"qodef-m-tagline\" >\n\t\tJoin Us\t<\/h6>\n\t\t<h2 class=\"qodef-m-title\" >\n\t\t\t\t\tTrabalhar na Perfinco\t\t\t<\/h2>\n\t\t\t<p class=\"qodef-m-text-field\" >\n\t\t\n\t<\/p>\n\t<\/div>\n\t\t<\/div>\n\t\t\t\t<\/div>\n\t\t\t\t\t<\/div>\n\t\t<\/div>\n\t\t\t\t\t\t\t<\/div>\n\t\t<\/section>\n\t\t\t\t<section class=\"elementor-section elementor-top-section elementor-element elementor-element-1dcec96 elementor-section-boxed elementor-section-height-default elementor-section-height-default qodef-elementor-content-no\" data-id=\"1dcec96\" data-element_type=\"section\">\n\t\t\t\t\t\t<div class=\"elementor-container elementor-column-gap-default\">\n\t\t\t\t\t<div class=\"elementor-column elementor-col-100 elementor-top-column elementor-element elementor-element-72942aa\" data-id=\"72942aa\" data-element_type=\"column\">\n\t\t\t<div class=\"elementor-widget-wrap elementor-element-populated\">\n\t\t\t\t\t\t\t\t<div class=\"elementor-element elementor-element-77e2584 elementor-widget elementor-widget-text-editor\" data-id=\"77e2584\" data-element_type=\"widget\" data-widget_type=\"text-editor.default\">\n\t\t\t\t<div class=\"elementor-widget-container\">\n\t\t\t<style>\/*! elementor - v3.6.7 - 03-07-2022 *\/\n.elementor-widget-text-editor.elementor-drop-cap-view-stacked .elementor-drop-cap{background-color:#818a91;color:#fff}.elementor-widget-text-editor.elementor-drop-cap-view-framed .elementor-drop-cap{color:#818a91;border:3px solid;background-color:transparent}.elementor-widget-text-editor:not(.elementor-drop-cap-view-default) .elementor-drop-cap{margin-top:8px}.elementor-widget-text-editor:not(.elementor-drop-cap-view-default) .elementor-drop-cap-letter{width:1em;height:1em}.elementor-widget-text-editor .elementor-drop-cap{float:left;text-align:center;line-height:1;font-size:50px}.elementor-widget-text-editor .elementor-drop-cap-letter{display:inline-block}<\/style>\t\t\t\t<p>A Perfinco \u00e9 uma empresa em permanente crescimento, constitu\u00edda por equipas de trabalho experientes, motivadas e multi disciplinares, que contribuem diariamente para o sucesso dos nosso clientes.<br \/>Os profissionais da Perfinco s\u00e3o maioritariamente licenciados na \u00e1reas de contabilidade, gest\u00e3o e engenharia inform\u00e1tica, que complementam a sua forma\u00e7\u00e3o acad\u00e9mica e profissional, com um rigoroso e adequado processo de forma\u00e7\u00e3o cont\u00ednua.Promovemos a forma\u00e7\u00e3o &#8220;on the job&#8221;, conjugando-a com forma\u00e7\u00e3o espec\u00edfica. Formamos l\u00edderes. Colaboradores capazes de capacitar pessoas e formar equipas de sucesso.<br \/>O nosso dia a dia, passa por evoluir pro ativamente, no sentido de exceder as expectativas dos nosso clientes, e pautar o nosso servi\u00e7o como um servi\u00e7o de rigor e excel\u00eancia.<br \/>Se \u00e9s um profissional e rev\u00eas-te na nossa filosofia, convidamos-te desde j\u00e1 a candidatares-te a uma das nossas vagas existentes ou a submeter uma candidatura espont\u00e2nea<\/p>\t\t\t\t\t\t<\/div>\n\t\t\t\t<\/div>\n\t\t\t\t\t<\/div>\n\t\t<\/div>\n\t\t\t\t\t\t\t<\/div>\n\t\t<\/section>\n\t\t\t\t\t\t\t<\/div>\n\t\t","protected":false},"excerpt":{"rendered":"<p>Carreira Join Us Trabalhar na Perfinco A Perfinco \u00e9 uma empresa em permanente crescimento, constitu\u00edda por equipas de trabalho experientes, motivadas e multi disciplinares, que contribuem diariamente para o sucesso dos nosso clientes. Os profissionais da Perfinco s\u00e3o maioritariamente licenciados na \u00e1reas de contabilidade, gest\u00e3o e engenharia inform\u00e1tica, que complementam a sua forma\u00e7\u00e3o acad\u00e9mica e [&hellip;]<\/p>\n","protected":false},"author":1,"featured_media":0,"parent":0,"menu_order":0,"comment_status":"closed","ping_status":"closed","template":"page-full-width.php","meta":{"footnotes":""},"class_list":["post-10691","page","type-page","status-publish","hentry"],"lang":"pt","translations":{"en":11112,"pt":10691},"pll_sync_post":[],"_links":{"self":[{"href":"https:\/\/www.perfinco.pt\/index.php?rest_route=\/wp\/v2\/pages\/10691","targetHints":{"allow":["GET"]}}],"collection":[{"href":"https:\/\/www.perfinco.pt\/index.php?rest_route=\/wp\/v2\/pages"}],"about":[{"href":"https:\/\/www.perfinco.pt\/index.php?rest_route=\/wp\/v2\/types\/page"}],"author":[{"embeddable":true,"href":"https:\/\/www.perfinco.pt\/index.php?rest_route=\/wp\/v2\/users\/1"}],"replies":[{"embeddable":true,"href":"https:\/\/www.perfinco.pt\/index.php?rest_route=%2Fwp%2Fv2%2Fcomments&post=10691"}],"version-history":[{"count":5,"href":"https:\/\/www.perfinco.pt\/index.php?rest_route=\/wp\/v2\/pages\/10691\/revisions"}],"predecessor-version":[{"id":11095,"href":"https:\/\/www.perfinco.pt\/index.php?rest_route=\/wp\/v2\/pages\/10691\/revisions\/11095"}],"wp:attachment":[{"href":"https:\/\/www.perfinco.pt\/index.php?rest_route=%2Fwp%2Fv2%2Fmedia&parent=10691"}],"curies":[{"name":"wp","href":"https:\/\/api.w.org\/{rel}","templated":true}]}}