{"id":10771,"date":"2022-08-02T18:12:58","date_gmt":"2022-08-02T18:12:58","guid":{"rendered":"https:\/\/www.perfinco.pt\/?page_id=10771"},"modified":"2022-08-11T21:29:38","modified_gmt":"2022-08-11T21:29:38","slug":"investir-em-portugal","status":"publish","type":"page","link":"https:\/\/www.perfinco.pt\/?page_id=10771&lang=pt","title":{"rendered":"Investir em Portugal"},"content":{"rendered":"\t\t<div data-elementor-type=\"wp-page\" data-elementor-id=\"10771\" class=\"elementor elementor-10771\">\n\t\t\t\t\t\t\t\t\t<section class=\"elementor-section elementor-top-section elementor-element elementor-element-d7ddf15 elementor-section-full_width elementor-section-height-min-height qodef-elementor-content-grid elementor-section-height-default elementor-section-items-middle\" data-id=\"d7ddf15\" data-element_type=\"section\" data-settings=\"{&quot;background_background&quot;:&quot;classic&quot;}\">\n\t\t\t\t\t\t<div class=\"elementor-container elementor-column-gap-default\">\n\t\t\t\t\t<div class=\"elementor-column elementor-col-100 elementor-top-column elementor-element elementor-element-1f36a91\" data-id=\"1f36a91\" data-element_type=\"column\">\n\t\t\t<div class=\"elementor-widget-wrap elementor-element-populated\">\n\t\t\t\t\t\t\t\t<div class=\"elementor-element elementor-element-b63ec0f elementor-widget__width-initial elementor-widget elementor-widget-halstein_core_section_title\" data-id=\"b63ec0f\" data-element_type=\"widget\" data-widget_type=\"halstein_core_section_title.default\">\n\t\t\t\t<div class=\"elementor-widget-container\">\n\t\t\t<div class=\"qodef-shortcode qodef-m  qodef-section-title qodef-alignment--left  \">\n\t\t\t<h1 class=\"qodef-m-title\" style=\"color: #FFFFFF\">\n\t\t\t\t\tInvestir em Portugal\t\t\t<\/h1>\n\t\t\t<\/div>\n\t\t<\/div>\n\t\t\t\t<\/div>\n\t\t\t\t<div class=\"elementor-element elementor-element-0da13d4 elementor-widget elementor-widget-halstein_core_single_image\" data-id=\"0da13d4\" data-element_type=\"widget\" data-widget_type=\"halstein_core_single_image.default\">\n\t\t\t\t<div class=\"elementor-widget-container\">\n\t\t\t<div class=\"qodef-shortcode qodef-m  qodef-single-image qodef-layout--default     \">\n\t<div class=\"qodef-m-image \">\n\t\t\t\t<img loading=\"lazy\" decoding=\"async\" width=\"311\" height=\"75\" src=\"https:\/\/www.perfinco.pt\/wp-content\/uploads\/2021\/10\/h11-rev-img-04.png\" class=\"attachment-full size-full\" alt=\"t\" srcset=\"https:\/\/www.perfinco.pt\/wp-content\/uploads\/2021\/10\/h11-rev-img-04.png 311w, https:\/\/www.perfinco.pt\/wp-content\/uploads\/2021\/10\/h11-rev-img-04-300x72.png 300w\" sizes=\"auto, (max-width: 311px) 100vw, 311px\" \/>\t\t\t<\/div>\n<\/div>\n\t\t<\/div>\n\t\t\t\t<\/div>\n\t\t\t\t\t<\/div>\n\t\t<\/div>\n\t\t\t\t\t\t\t<\/div>\n\t\t<\/section>\n\t\t\t\t<section class=\"elementor-section elementor-top-section elementor-element elementor-element-c978b41 elementor-section-boxed elementor-section-height-default elementor-section-height-default qodef-elementor-content-no\" data-id=\"c978b41\" data-element_type=\"section\">\n\t\t\t\t\t\t<div class=\"elementor-container elementor-column-gap-default\">\n\t\t\t\t\t<div class=\"elementor-column elementor-col-100 elementor-top-column elementor-element elementor-element-04459c8\" data-id=\"04459c8\" data-element_type=\"column\">\n\t\t\t<div class=\"elementor-widget-wrap elementor-element-populated\">\n\t\t\t\t\t\t\t\t<div class=\"elementor-element elementor-element-168c814 elementor-widget elementor-widget-halstein_core_section_title\" data-id=\"168c814\" data-element_type=\"widget\" data-widget_type=\"halstein_core_section_title.default\">\n\t\t\t\t<div class=\"elementor-widget-container\">\n\t\t\t<div class=\"qodef-shortcode qodef-m  qodef-section-title qodef-alignment--left  \">\n\t\t<h6 class=\"qodef-m-tagline\" >\n\t\tServi\u00e7os\t<\/h6>\n\t\t<h2 class=\"qodef-m-title\" >\n\t\t\t\t\tInvestir em Portugal\t\t\t<\/h2>\n\t\t\t<\/div>\n\t\t<\/div>\n\t\t\t\t<\/div>\n\t\t\t\t\t<\/div>\n\t\t<\/div>\n\t\t\t\t\t\t\t<\/div>\n\t\t<\/section>\n\t\t\t\t<section class=\"elementor-section elementor-top-section elementor-element elementor-element-f12026f elementor-section-boxed elementor-section-height-default elementor-section-height-default qodef-elementor-content-no\" data-id=\"f12026f\" data-element_type=\"section\">\n\t\t\t\t\t\t<div class=\"elementor-container elementor-column-gap-default\">\n\t\t\t\t\t<div class=\"elementor-column elementor-col-100 elementor-top-column elementor-element elementor-element-2f01755\" data-id=\"2f01755\" data-element_type=\"column\">\n\t\t\t<div class=\"elementor-widget-wrap elementor-element-populated\">\n\t\t\t\t\t\t\t\t<div class=\"elementor-element elementor-element-6a7659a elementor-widget elementor-widget-text-editor\" data-id=\"6a7659a\" data-element_type=\"widget\" data-widget_type=\"text-editor.default\">\n\t\t\t\t<div class=\"elementor-widget-container\">\n\t\t\t<style>\/*! elementor - v3.6.7 - 03-07-2022 *\/\n.elementor-widget-text-editor.elementor-drop-cap-view-stacked .elementor-drop-cap{background-color:#818a91;color:#fff}.elementor-widget-text-editor.elementor-drop-cap-view-framed .elementor-drop-cap{color:#818a91;border:3px solid;background-color:transparent}.elementor-widget-text-editor:not(.elementor-drop-cap-view-default) .elementor-drop-cap{margin-top:8px}.elementor-widget-text-editor:not(.elementor-drop-cap-view-default) .elementor-drop-cap-letter{width:1em;height:1em}.elementor-widget-text-editor .elementor-drop-cap{float:left;text-align:center;line-height:1;font-size:50px}.elementor-widget-text-editor .elementor-drop-cap-letter{display:inline-block}<\/style>\t\t\t\t<p style=\"margin: 0cm; line-height: 24.0pt; vertical-align: baseline;\"><span style=\"font-family: 'Open Sans',sans-serif; color: #666666;\">Desde 2005 que a Perfinco ajuda empresa estrangeiras, grandes ou pequenas, a estabelecerem-se e gerirem os seus neg\u00f3cios em Portugal. Al\u00e9m dos habituais servi\u00e7os de contabilidade e fiscalidade, a nossa equipa de profissionais poder\u00e1 assisti-lo em temas t\u00e3o diversos como a cria\u00e7\u00e3o de domicilio ou resid\u00eancia fiscal, incorpora\u00e7\u00f5es offshore ou aspectos relacionados com impostos sob expatriados.<\/span><\/p>\t\t\t\t\t\t<\/div>\n\t\t\t\t<\/div>\n\t\t\t\t\t<\/div>\n\t\t<\/div>\n\t\t\t\t\t\t\t<\/div>\n\t\t<\/section>\n\t\t\t\t<section class=\"elementor-section elementor-top-section elementor-element elementor-element-455b9ef elementor-section-boxed elementor-section-height-default elementor-section-height-default qodef-elementor-content-no\" data-id=\"455b9ef\" data-element_type=\"section\">\n\t\t\t\t\t\t<div class=\"elementor-container elementor-column-gap-default\">\n\t\t\t\t\t<div class=\"elementor-column elementor-col-100 elementor-top-column elementor-element elementor-element-edf98f1\" data-id=\"edf98f1\" data-element_type=\"column\">\n\t\t\t<div class=\"elementor-widget-wrap elementor-element-populated\">\n\t\t\t\t\t\t\t\t<div class=\"elementor-element elementor-element-f7c0c83 elementor-widget elementor-widget-halstein_core_section_title\" data-id=\"f7c0c83\" data-element_type=\"widget\" data-widget_type=\"halstein_core_section_title.default\">\n\t\t\t\t<div class=\"elementor-widget-container\">\n\t\t\t<div class=\"qodef-shortcode qodef-m  qodef-section-title qodef-alignment--left  \">\n\t\t\t<h2 class=\"qodef-m-title\" >\n\t\t\t\t\tAbrir um neg\u00f3cio em Portugal\t\t\t<\/h2>\n\t\t\t<\/div>\n\t\t<\/div>\n\t\t\t\t<\/div>\n\t\t\t\t\t<\/div>\n\t\t<\/div>\n\t\t\t\t\t\t\t<\/div>\n\t\t<\/section>\n\t\t\t\t<section class=\"elementor-section elementor-top-section elementor-element elementor-element-25c291a elementor-section-boxed elementor-section-height-default elementor-section-height-default qodef-elementor-content-no\" data-id=\"25c291a\" data-element_type=\"section\">\n\t\t\t\t\t\t<div class=\"elementor-container elementor-column-gap-default\">\n\t\t\t\t\t<div class=\"elementor-column elementor-col-100 elementor-top-column elementor-element elementor-element-4b00173\" data-id=\"4b00173\" data-element_type=\"column\">\n\t\t\t<div class=\"elementor-widget-wrap elementor-element-populated\">\n\t\t\t\t\t\t\t\t<div class=\"elementor-element elementor-element-a3c435d elementor-widget elementor-widget-text-editor\" data-id=\"a3c435d\" data-element_type=\"widget\" data-widget_type=\"text-editor.default\">\n\t\t\t\t<div class=\"elementor-widget-container\">\n\t\t\t\t\t\t\t<p style=\"margin: 0cm; line-height: 24.0pt; vertical-align: baseline;\"><span style=\"font-family: 'Open Sans',sans-serif; color: #666666;\">Oferecemos um servi\u00e7o completo desde a fase de constitui\u00e7\u00e3o da empresa at\u00e9 \u00e0 sua expans\u00e3o. Combinamos um conjunto de servi\u00e7os oferecidos normalmente por uma grande empresa com a proximidade de um consultor privado.<\/span><\/p>\t\t\t\t\t\t<\/div>\n\t\t\t\t<\/div>\n\t\t\t\t\t<\/div>\n\t\t<\/div>\n\t\t\t\t\t\t\t<\/div>\n\t\t<\/section>\n\t\t\t\t<section class=\"elementor-section elementor-top-section elementor-element elementor-element-f67ff55 elementor-section-full_width elementor-section-height-default elementor-section-height-default qodef-elementor-content-no\" data-id=\"f67ff55\" data-element_type=\"section\">\n\t\t\t\t\t\t<div class=\"elementor-container elementor-column-gap-default\">\n\t\t\t\t\t<div class=\"elementor-column elementor-col-50 elementor-top-column elementor-element elementor-element-48b13c6\" data-id=\"48b13c6\" data-element_type=\"column\">\n\t\t\t<div class=\"elementor-widget-wrap elementor-element-populated\">\n\t\t\t\t\t\t\t\t<div class=\"elementor-element elementor-element-f81d848 elementor-widget elementor-widget-halstein_core_single_image\" data-id=\"f81d848\" data-element_type=\"widget\" data-widget_type=\"halstein_core_single_image.default\">\n\t\t\t\t<div class=\"elementor-widget-container\">\n\t\t\t<div class=\"qodef-shortcode qodef-m  qodef-single-image qodef-layout--default     \">\n\t<div class=\"qodef-m-image qodef-zoom-scroll\">\n\t\t\t\t<img loading=\"lazy\" decoding=\"async\" width=\"1300\" height=\"1300\" src=\"https:\/\/www.perfinco.pt\/wp-content\/uploads\/2021\/10\/port-5-gallery-6.jpg\" class=\"attachment-full size-full\" alt=\"t\" srcset=\"https:\/\/www.perfinco.pt\/wp-content\/uploads\/2021\/10\/port-5-gallery-6.jpg 1300w, https:\/\/www.perfinco.pt\/wp-content\/uploads\/2021\/10\/port-5-gallery-6-300x300.jpg 300w, https:\/\/www.perfinco.pt\/wp-content\/uploads\/2021\/10\/port-5-gallery-6-1024x1024.jpg 1024w, https:\/\/www.perfinco.pt\/wp-content\/uploads\/2021\/10\/port-5-gallery-6-150x150.jpg 150w, https:\/\/www.perfinco.pt\/wp-content\/uploads\/2021\/10\/port-5-gallery-6-768x768.jpg 768w, https:\/\/www.perfinco.pt\/wp-content\/uploads\/2021\/10\/port-5-gallery-6-650x650.jpg 650w\" sizes=\"auto, (max-width: 1300px) 100vw, 1300px\" \/>\t\t\t<\/div>\n<\/div>\n\t\t<\/div>\n\t\t\t\t<\/div>\n\t\t\t\t\t<\/div>\n\t\t<\/div>\n\t\t\t\t<div class=\"elementor-column elementor-col-50 elementor-top-column elementor-element elementor-element-12ad994\" data-id=\"12ad994\" data-element_type=\"column\" data-settings=\"{&quot;background_background&quot;:&quot;classic&quot;}\">\n\t\t\t<div class=\"elementor-widget-wrap elementor-element-populated\">\n\t\t\t\t\t\t\t\t<div class=\"elementor-element elementor-element-165015f elementor-widget__width-initial elementor-widget elementor-widget-halstein_core_section_title\" data-id=\"165015f\" data-element_type=\"widget\" data-widget_type=\"halstein_core_section_title.default\">\n\t\t\t\t<div class=\"elementor-widget-container\">\n\t\t\t<div class=\"qodef-shortcode qodef-m  qodef-section-title qodef-alignment--left  \">\n\t\t\t<h3 class=\"qodef-m-title\" >\n\t\t\t\t\tConnecting businesses, people &amp;<br> ideas for the future.\t\t\t<\/h3>\n\t\t\t<\/div>\n\t\t<\/div>\n\t\t\t\t<\/div>\n\t\t\t\t<div class=\"elementor-element elementor-element-ba1d397 elementor-widget__width-initial elementor-widget-tablet__width-initial elementor-absolute elementor-widget-mobile__width-initial elementor-widget elementor-widget-halstein_core_progress_bar\" data-id=\"ba1d397\" data-element_type=\"widget\" data-settings=\"{&quot;_position&quot;:&quot;absolute&quot;}\" data-widget_type=\"halstein_core_progress_bar.default\">\n\t\t\t\t<div class=\"elementor-widget-container\">\n\t\t\t<div class=\"qodef-shortcode qodef-m  qodef-progress-bar qodef-layout--line qodef-percentage--floating\" data-layout=\"line\" data-active-line-color=\"#14203B\" data-active-line-width=\"6\" data-inactive-line-color=\"#00000000\" data-inactive-line-width=\"6\"  data-number=\"88\" data-text-color=\"#14203B\">\n\t<div class=\"qodef-m-inner\">\n\t\t<div class=\"qodef-m-canvas\">\n\t\t\t\t\t<\/div>\n\t\t\t\t\t<h6 class=\"qodef-m-title\" >StartUP<\/h6>\n\t\t\t<\/div>\n<\/div>\n\t\t<\/div>\n\t\t\t\t<\/div>\n\t\t\t\t<div class=\"elementor-element elementor-element-912ab47 elementor-widget__width-initial elementor-absolute elementor-widget-mobile__width-initial elementor-widget elementor-widget-halstein_core_progress_bar\" data-id=\"912ab47\" data-element_type=\"widget\" data-settings=\"{&quot;_position&quot;:&quot;absolute&quot;}\" data-widget_type=\"halstein_core_progress_bar.default\">\n\t\t\t\t<div class=\"elementor-widget-container\">\n\t\t\t<div class=\"qodef-shortcode qodef-m  qodef-progress-bar qodef-layout--line qodef-percentage--floating\" data-layout=\"line\" data-active-line-color=\"#14203B\" data-active-line-width=\"6\" data-inactive-line-color=\"#00000000\" data-inactive-line-width=\"6\"  data-number=\"95\" data-text-color=\"#14203B\">\n\t<div class=\"qodef-m-inner\">\n\t\t<div class=\"qodef-m-canvas\">\n\t\t\t\t\t<\/div>\n\t\t\t\t\t<h6 class=\"qodef-m-title\" >Investment consulting<\/h6>\n\t\t\t<\/div>\n<\/div>\n\t\t<\/div>\n\t\t\t\t<\/div>\n\t\t\t\t<div class=\"elementor-element elementor-element-870d195 elementor-widget__width-initial elementor-absolute elementor-widget-tablet__width-initial elementor-widget-mobile__width-initial elementor-widget elementor-widget-halstein_core_progress_bar\" data-id=\"870d195\" data-element_type=\"widget\" data-settings=\"{&quot;_position&quot;:&quot;absolute&quot;}\" data-widget_type=\"halstein_core_progress_bar.default\">\n\t\t\t\t<div class=\"elementor-widget-container\">\n\t\t\t<div class=\"qodef-shortcode qodef-m  qodef-progress-bar qodef-layout--line qodef-percentage--floating\" data-layout=\"line\" data-active-line-color=\"#14203B\" data-active-line-width=\"6\" data-inactive-line-color=\"#00000000\" data-inactive-line-width=\"6\"  data-number=\"87\" data-text-color=\"#14203B\">\n\t<div class=\"qodef-m-inner\">\n\t\t<div class=\"qodef-m-canvas\">\n\t\t\t\t\t<\/div>\n\t\t\t\t\t<h6 class=\"qodef-m-title\" >New technologies<\/h6>\n\t\t\t<\/div>\n<\/div>\n\t\t<\/div>\n\t\t\t\t<\/div>\n\t\t\t\t\t<\/div>\n\t\t<\/div>\n\t\t\t\t\t\t\t<\/div>\n\t\t<\/section>\n\t\t\t\t<section class=\"elementor-section elementor-top-section elementor-element elementor-element-757240b elementor-section-full_width qodef-elementor-content-grid elementor-section-height-default elementor-section-height-default\" data-id=\"757240b\" data-element_type=\"section\">\n\t\t\t\t\t\t<div class=\"elementor-container elementor-column-gap-default\">\n\t\t\t\t\t<div class=\"elementor-column elementor-col-50 elementor-top-column elementor-element elementor-element-9bbc00f\" data-id=\"9bbc00f\" data-element_type=\"column\">\n\t\t\t<div class=\"elementor-widget-wrap elementor-element-populated\">\n\t\t\t\t\t\t\t\t<div class=\"elementor-element elementor-element-cc5dd64 elementor-widget__width-initial elementor-widget elementor-widget-halstein_core_section_title\" data-id=\"cc5dd64\" data-element_type=\"widget\" data-widget_type=\"halstein_core_section_title.default\">\n\t\t\t\t<div class=\"elementor-widget-container\">\n\t\t\t<div class=\"qodef-shortcode qodef-m  qodef-section-title qodef-alignment--left  \">\n\t\t<h6 class=\"qodef-m-tagline\" >\n\t\tOur analysis\t<\/h6>\n\t\t<h2 class=\"qodef-m-title\" >\n\t\t\t\t\tAbrir um neg\u00f3cio em Portugal\t\t\t<\/h2>\n\t\t\t<\/div>\n\t\t<\/div>\n\t\t\t\t<\/div>\n\t\t\t\t<div class=\"elementor-element elementor-element-d49a5f0 elementor-widget elementor-widget-halstein_core_list_items\" data-id=\"d49a5f0\" data-element_type=\"widget\" data-widget_type=\"halstein_core_list_items.default\">\n\t\t\t\t<div class=\"elementor-widget-container\">\n\t\t\t<div class=\"qodef-shortcode qodef-m  qodef-list-items qodef-layout--bulleted-list \">\n\t\t\t<ul class=\"qodef-m-list\" >\n\t\t\t\t\t\t\t\t<li class=\"qodef-m-list-item\" >\n\t<span class=\"qodef-m-list-item-marker\" style=\"color: #E4DACC\">\n\t<svg class=\"qodef-svg--bulleted-list-marker qodef-m-marker\" xmlns=\"http:\/\/www.w3.org\/2000\/svg\" width=\"9\" height=\"9\" viewBox=\"0 0 9 9\"><path d=\"M4.5 0A4.5 4.5 0 1 1 0 4.5 4.5 4.5 0 0 1 4.5 0Z\"\/><\/svg><\/span>\n\t<p class=\"qodef-m-list-item-title\" >\n\t\t\t\tLorem ipsum dolor sit amet, consectetur adipiscing elit, sed do eiusmod tempor incididunt ut labore et dolore magna aliqua. \t\t\t<\/p>\n<\/li>\n\t\t\t\t\t\t\t\t<li class=\"qodef-m-list-item\" >\n\t<span class=\"qodef-m-list-item-marker\" style=\"color: #C8B8A9\">\n\t<svg class=\"qodef-svg--bulleted-list-marker qodef-m-marker\" xmlns=\"http:\/\/www.w3.org\/2000\/svg\" width=\"9\" height=\"9\" viewBox=\"0 0 9 9\"><path d=\"M4.5 0A4.5 4.5 0 1 1 0 4.5 4.5 4.5 0 0 1 4.5 0Z\"\/><\/svg><\/span>\n\t<p class=\"qodef-m-list-item-title\" >\n\t\t\t\tDuis aute irure dolor in reprehenderit in voluptate velit esse sed\t\t\t<\/p>\n<\/li>\n\t\t\t\t\t\t\t\t<li class=\"qodef-m-list-item\" >\n\t<span class=\"qodef-m-list-item-marker\" style=\"color: #151F3B\">\n\t<svg class=\"qodef-svg--bulleted-list-marker qodef-m-marker\" xmlns=\"http:\/\/www.w3.org\/2000\/svg\" width=\"9\" height=\"9\" viewBox=\"0 0 9 9\"><path d=\"M4.5 0A4.5 4.5 0 1 1 0 4.5 4.5 4.5 0 0 1 4.5 0Z\"\/><\/svg><\/span>\n\t<p class=\"qodef-m-list-item-title\" >\n\t\t\t\tUt enim ad minim veniam, quis nostrud exercitation ullamco laboris nisi ut aliquip ex ea commodo consequat.\t\t\t<\/p>\n<\/li>\n\t\t\t\t<\/ul>\n\t<\/div>\n\t\t<\/div>\n\t\t\t\t<\/div>\n\t\t\t\t\t<\/div>\n\t\t<\/div>\n\t\t\t\t<div class=\"elementor-column elementor-col-50 elementor-top-column elementor-element elementor-element-5c56088\" data-id=\"5c56088\" data-element_type=\"column\">\n\t\t\t<div class=\"elementor-widget-wrap elementor-element-populated\">\n\t\t\t\t\t\t\t\t<div class=\"elementor-element elementor-element-d33d82b elementor-widget elementor-widget-halstein_core_charts\" data-id=\"d33d82b\" data-element_type=\"widget\" data-widget_type=\"halstein_core_charts.default\">\n\t\t\t\t<div class=\"elementor-widget-container\">\n\t\t\t<div class=\"qodef-shortcode qodef-m  qodef-charts\" data-values=\"[&quot;40&quot;,20,&quot;30&quot;]\" data-labels=\"[&quot;Finance&quot;,&quot;Economy&quot;,&quot;Investement&quot;]\" data-background-colors=\"[&quot;#E4DACC&quot;,&quot;#DFCFBC&quot;,&quot;#767E91&quot;]\" data-hover-background-colors=\"[&quot;#151F3B&quot;,&quot;#0f182d&quot;,&quot;#151F3B&quot;]\" data-type=\"true\" data-legend-label-color=\"#151F3B\">\n\t<div class=\"qodef-m-inner\">\n\t\t<div class=\"qodef-m-canvas-holder\" style=\"color: #FCFAF8\">\n\t\t\t<div class=\"qodef-m-canvas\">\n\t\t\t\t<canvas><\/canvas>\n\t\t\t<\/div>\n\t\t<\/div>\n\t\t\t\t\t<div class=\"qodef-m-legend\">\n\t\t\t\t\t\t\t\t\t<div class=\"qodef-m-legend-item\">\n\t\t\t\t\t\t\t\t\t\t\t\t\t<span class=\"qodef-m-legend-icon\" style=\"background-color: #E4DACC\"><\/span>\n\t\t\t\t\t\t\t<span class=\"qodef-m-legend-label\" style=\"color: #151F3B\">Finance<\/span>\n\t\t\t\t\t\t\t\t\t\t\t<\/div>\n\t\t\t\t\t\t\t\t\t<div class=\"qodef-m-legend-item\">\n\t\t\t\t\t\t\t\t\t\t\t\t\t<span class=\"qodef-m-legend-icon\" style=\"background-color: #DFCFBC\"><\/span>\n\t\t\t\t\t\t\t<span class=\"qodef-m-legend-label\" style=\"color: #151F3B\">Economy<\/span>\n\t\t\t\t\t\t\t\t\t\t\t<\/div>\n\t\t\t\t\t\t\t\t\t<div class=\"qodef-m-legend-item\">\n\t\t\t\t\t\t\t\t\t\t\t\t\t<span class=\"qodef-m-legend-icon\" style=\"background-color: #767E91\"><\/span>\n\t\t\t\t\t\t\t<span class=\"qodef-m-legend-label\" style=\"color: #151F3B\">Investement<\/span>\n\t\t\t\t\t\t\t\t\t\t\t<\/div>\n\t\t\t\t\t\t\t<\/div>\n\t\t\t<\/div>\n<\/div>\n\t\t<\/div>\n\t\t\t\t<\/div>\n\t\t\t\t\t<\/div>\n\t\t<\/div>\n\t\t\t\t\t\t\t<\/div>\n\t\t<\/section>\n\t\t\t\t\t\t\t<\/div>\n\t\t","protected":false},"excerpt":{"rendered":"<p>Investir em Portugal Servi\u00e7os Investir em Portugal Desde 2005 que a Perfinco ajuda empresa estrangeiras, grandes ou pequenas, a estabelecerem-se e gerirem os seus neg\u00f3cios em Portugal. Al\u00e9m dos habituais servi\u00e7os de contabilidade e fiscalidade, a nossa equipa de profissionais poder\u00e1 assisti-lo em temas t\u00e3o diversos como a cria\u00e7\u00e3o de domicilio ou resid\u00eancia fiscal, incorpora\u00e7\u00f5es [&hellip;]<\/p>\n","protected":false},"author":1,"featured_media":0,"parent":0,"menu_order":0,"comment_status":"closed","ping_status":"closed","template":"page-full-width.php","meta":{"footnotes":""},"class_list":["post-10771","page","type-page","status-publish","hentry"],"lang":"pt","translations":{"en":11120,"pt":10771},"pll_sync_post":[],"_links":{"self":[{"href":"https:\/\/www.perfinco.pt\/index.php?rest_route=\/wp\/v2\/pages\/10771","targetHints":{"allow":["GET"]}}],"collection":[{"href":"https:\/\/www.perfinco.pt\/index.php?rest_route=\/wp\/v2\/pages"}],"about":[{"href":"https:\/\/www.perfinco.pt\/index.php?rest_route=\/wp\/v2\/types\/page"}],"author":[{"embeddable":true,"href":"https:\/\/www.perfinco.pt\/index.php?rest_route=\/wp\/v2\/users\/1"}],"replies":[{"embeddable":true,"href":"https:\/\/www.perfinco.pt\/index.php?rest_route=%2Fwp%2Fv2%2Fcomments&post=10771"}],"version-history":[{"count":11,"href":"https:\/\/www.perfinco.pt\/index.php?rest_route=\/wp\/v2\/pages\/10771\/revisions"}],"predecessor-version":[{"id":11099,"href":"https:\/\/www.perfinco.pt\/index.php?rest_route=\/wp\/v2\/pages\/10771\/revisions\/11099"}],"wp:attachment":[{"href":"https:\/\/www.perfinco.pt\/index.php?rest_route=%2Fwp%2Fv2%2Fmedia&parent=10771"}],"curies":[{"name":"wp","href":"https:\/\/api.w.org\/{rel}","templated":true}]}}